{"id":8,"date":"2015-02-10T21:47:24","date_gmt":"2015-02-10T20:47:24","guid":{"rendered":"http:\/\/ebaix.ch\/?page_id=8"},"modified":"2022-04-28T20:42:04","modified_gmt":"2022-04-28T18:42:04","slug":"hauptseite","status":"publish","type":"page","link":"https:\/\/ebaix.ch\/de\/","title":{"rendered":"Beratung, Training und Lernen in der Internationalen Zusammenarbeit"},"content":{"rendered":"<h3>ebaix ber\u00e4t Organisationen in strategischen Fragen, f\u00fchrt Evaluationen durch und begleitet Lernprozesse &#8211; im Bereich der Humanit\u00e4ren Hilfe und der langfristigen Entwicklungszusammenarbeit<\/h3>\n<ul>\n<li>Aktuell f\u00fchrt ebaix die Fortbildung \u201eStarterpaket in die Humanit\u00e4re Hilfe\u201c der academy for humanitarian action (aha) an der Ruhr-Universit\u00e4t Bochum durch und ber\u00e4t unterschiedliche Organisationen in strategischen Fragen<\/li>\n<li>Von August 2020 bis M\u00e4rz 2021 evaluierte ebaix das Schweizerischen Korps f\u00fcr Humanit\u00e4re Hilfe (SKH) in Kooperation mit KEK-Consulting<\/li>\n<li>Von<strong>\u00a0<\/strong>2016 bis 2019 hat ebaix in Kooperation mit der Universit\u00e4t in Bern, der Gl\u00fcckskette, mit zahreichen erfahrenen und unabh\u00e4ngigen Experten und Expertinnen und mehr als 20 NGO&#8217;s aus der Schweiz, Deutschland, \u00d6sterreich und Luxemburg einen Lehrgang in Humanit\u00e4rer Hilfe (CAS) erarbeitet<\/li>\n<\/ul>\n<p>&nbsp;<\/p>\n<p><iframe loading=\"lazy\" title=\"ebaix | joint learning\" src=\"https:\/\/player.vimeo.com\/video\/188157207?dnt=1&amp;app_id=122963\" width=\"640\" height=\"360\" frameborder=\"0\" allow=\"autoplay; fullscreen; picture-in-picture; clipboard-write; encrypted-media; web-share\" referrerpolicy=\"strict-origin-when-cross-origin\"><\/iframe><\/p>\n<ul>\n<li>Zwischen 2013 und 2015\u00a0hat ebaix einen organisations\u00fcbergreifenden Lernprozess von Schweizer Hilfswerken organisiert und begleitet. Dabei wurden Wiederaufbauprogramme nach Grosskatastrophen in 5 verschiedenen L\u00e4ndern aus einer Langzeitperspektive evaluiert. In der Zusammenarbeit mit\u00a0den Organisationen wurden verschiedene Methoden\u00a0f\u00fcr ein\u00a0erfolgreiches Lernen angewendet:\n<ul>\n<li><a title=\"Lernen im gesch\u00fctzten Raum\" href=\"https:\/\/ebaix.ch\/de\/hauptseite\/lernen-im-geschuetzten-raum\/\">Lernen im gesch\u00fctzten Raum<\/a><\/li>\n<li><a title=\"Lernen direkt von den Zielgruppen\" href=\"https:\/\/ebaix.ch\/de\/hauptseite\/lernen-von-den-zielgruppen-der-hilfe\/\">Lernen direkt von der betroffenen Bev\u00f6lkerung<\/a><\/li>\n<li><a title=\"Lernen aus der Langzeitperspektive\" href=\"https:\/\/ebaix.ch\/de\/hauptseite\/lernen-aus-der-langzeitperspektive\/\">Lernen aus einer Langzeitperspektive<\/a><\/li>\n<li><a title=\"Lernen mit Filmen\" href=\"https:\/\/ebaix.ch\/de\/hauptseite\/lernen-mit-filmen\/\">Lernen mit Filmen<\/a><\/li>\n<\/ul>\n<\/li>\n<\/ul>\n<p>&nbsp;<\/p>\n<p>&nbsp;<\/p>\n<p>&nbsp;<\/p>\n","protected":false},"excerpt":{"rendered":"<p>ebaix ber\u00e4t Organisationen in strategischen Fragen, f\u00fchrt Evaluationen durch und begleitet Lernprozesse &#8211; im Bereich der Humanit\u00e4ren Hilfe und der langfristigen Entwicklungszusammenarbeit Aktuell f\u00fchrt ebaix die Fortbildung \u201eStarterpaket in die Humanit\u00e4re Hilfe\u201c der academy for humanitarian action (aha) an der Ruhr-Universit\u00e4t Bochum durch und ber\u00e4t unterschiedliche Organisationen in strategischen Fragen Von August 2020 bis M\u00e4rz [&hellip;]<\/p>\n","protected":false},"author":3,"featured_media":0,"parent":0,"menu_order":0,"comment_status":"closed","ping_status":"closed","template":"","meta":{"footnotes":""},"class_list":["post-8","page","type-page","status-publish","hentry"],"_links":{"self":[{"href":"https:\/\/ebaix.ch\/de\/wp-json\/wp\/v2\/pages\/8","targetHints":{"allow":["GET"]}}],"collection":[{"href":"https:\/\/ebaix.ch\/de\/wp-json\/wp\/v2\/pages"}],"about":[{"href":"https:\/\/ebaix.ch\/de\/wp-json\/wp\/v2\/types\/page"}],"author":[{"embeddable":true,"href":"https:\/\/ebaix.ch\/de\/wp-json\/wp\/v2\/users\/3"}],"replies":[{"embeddable":true,"href":"https:\/\/ebaix.ch\/de\/wp-json\/wp\/v2\/comments?post=8"}],"version-history":[{"count":79,"href":"https:\/\/ebaix.ch\/de\/wp-json\/wp\/v2\/pages\/8\/revisions"}],"predecessor-version":[{"id":1851,"href":"https:\/\/ebaix.ch\/de\/wp-json\/wp\/v2\/pages\/8\/revisions\/1851"}],"wp:attachment":[{"href":"https:\/\/ebaix.ch\/de\/wp-json\/wp\/v2\/media?parent=8"}],"curies":[{"name":"wp","href":"https:\/\/api.w.org\/{rel}","templated":true}]}}