{"id":500,"date":"2015-02-20T15:15:00","date_gmt":"2015-02-20T14:15:00","guid":{"rendered":"http:\/\/ebaix.ch\/?page_id=500"},"modified":"2015-11-30T22:42:26","modified_gmt":"2015-11-30T21:42:26","slug":"partner-von-ebaix","status":"publish","type":"page","link":"https:\/\/ebaix.ch\/de\/partner-von-ebaix\/","title":{"rendered":"Partner von ebaix"},"content":{"rendered":"<p>Partner von ebaix sind die Organisationen der Humanit\u00e4ren Hilfe und der langfristigen Entwicklungszusammenarbeit.<\/p>\n<p>Bisher sind dies die Schweizer Hilfswerke Caritas (<a href=\"http:\/\/www.caritas.ch\">www.caritas.ch<\/a>), Medair (<a href=\"http:\/\/www.relief.medair.org\">www.relief.medair.org<\/a>), Heks (<a href=\"http:\/\/www.heks.ch\">www.heks.ch<\/a>), Solidar (<a href=\"http:\/\/www.solidar.ch\">www.solidar.ch<\/a>) und Rotes Kreuz (<a href=\"http:\/\/www.redcross.ch\">www.redcross.ch<\/a>) , Mission21 (<a href=\"http:\/\/www.mission-21.org\">www.mission-21.org<\/a>), sowie die Gl\u00fcckskette (<a href=\"http:\/\/www.glueckskette.ch\">www.glueckskette.ch<\/a>) und die Humanit\u00e4re Hilfe der DEZA (<a href=\"http:\/\/www.admin.ch\/deza\">www.admin.ch\/deza<\/a>) .<\/p>\n<p>&nbsp;<\/p>\n<p>Weitere Partner sind Organisationen und Personen, die jeweils in der Durchf\u00fchrung der Projekte mithelfen. Unter vielen anderen sind dies:<\/p>\n<p>Ralf Otto von MomoLogue (<a href=\"http:\/\/www.momologue.be\">www.momologue.be<\/a>) hat als erfahrener Evaluator im Bereich Lernen mit seinem klaren methodischen Blick und systematischer Vorgehensweise viel zum Gelingen der bisherigen Projekte beigetragen.<br \/>\nZusammen mit MomoLogue pr\u00e4sentierte ebaix am j\u00e4hrlichen Meeting von ALNAP am 3.-4. M\u00e4rz in Berlin und an der Humanitarian Innovation Conference in Oxford am 17. und 18. Juli das gemeinsame Projekt\u00a0<a href=\"https:\/\/ebaix.ch\/wp-content\/uploads\/2015\/02\/Learning-in-good-company.pdf\">Learning in good company<\/a>.<\/p>\n<p><a href=\"https:\/\/ebaix.ch\/wp-content\/uploads\/2015\/03\/Bildschirmfoto-2015-03-02-um-08.27.04.png\"><img loading=\"lazy\" decoding=\"async\" class=\"alignnone  wp-image-1469\" src=\"https:\/\/ebaix.ch\/wp-content\/uploads\/2015\/03\/Bildschirmfoto-2015-03-02-um-08.27.04-300x170.png\" alt=\"Bildschirmfoto 2015-03-02 um 08.27.04\" width=\"548\" height=\"311\" srcset=\"https:\/\/ebaix.ch\/wp-content\/uploads\/2015\/03\/Bildschirmfoto-2015-03-02-um-08.27.04-300x170.png 300w, https:\/\/ebaix.ch\/wp-content\/uploads\/2015\/03\/Bildschirmfoto-2015-03-02-um-08.27.04-1024x581.png 1024w, https:\/\/ebaix.ch\/wp-content\/uploads\/2015\/03\/Bildschirmfoto-2015-03-02-um-08.27.04-750x426.png 750w, https:\/\/ebaix.ch\/wp-content\/uploads\/2015\/03\/Bildschirmfoto-2015-03-02-um-08.27.04.png 1224w\" sizes=\"auto, (max-width: 548px) 100vw, 548px\" \/><\/a><\/p>\n<p>&nbsp;<\/p>\n<p>Als ruhiger und erfahrener Kameramann macht Timo Schaub (<a href=\"http:\/\/www.timoschaub.ch\">www.timoschaub.ch<\/a>) exzellente Aufnahmen vor Ort. Mit seinen Kenntnissen in der Postproduktion sowie in der Gestaltung von Texten und Logos ist er auch f\u00fcr andere Aufgaben breit einsetzbar.<\/p>\n<p><img loading=\"lazy\" decoding=\"async\" class=\"alignnone wp-image-791\" src=\"https:\/\/ebaix.ch\/wp-content\/uploads\/2015\/02\/IMG_2275-300x224.jpg\" alt=\"IMG_2275\" width=\"317\" height=\"237\" srcset=\"https:\/\/ebaix.ch\/wp-content\/uploads\/2015\/02\/IMG_2275-300x224.jpg 300w, https:\/\/ebaix.ch\/wp-content\/uploads\/2015\/02\/IMG_2275-1024x765.jpg 1024w, https:\/\/ebaix.ch\/wp-content\/uploads\/2015\/02\/IMG_2275-750x560.jpg 750w\" sizes=\"auto, (max-width: 317px) 100vw, 317px\" \/><img loading=\"lazy\" decoding=\"async\" class=\"alignnone wp-image-406\" src=\"https:\/\/ebaix.ch\/wp-content\/uploads\/IMG_6293-300x225.jpg\" alt=\"IMG_6293\" width=\"316\" height=\"237\" srcset=\"https:\/\/ebaix.ch\/wp-content\/uploads\/IMG_6293-300x225.jpg 300w, https:\/\/ebaix.ch\/wp-content\/uploads\/IMG_6293-1024x768.jpg 1024w\" sizes=\"auto, (max-width: 316px) 100vw, 316px\" \/><\/p>\n","protected":false},"excerpt":{"rendered":"<p>Partner von ebaix sind die Organisationen der Humanit\u00e4ren Hilfe und der langfristigen Entwicklungszusammenarbeit. Bisher sind dies die Schweizer Hilfswerke Caritas (www.caritas.ch), Medair (www.relief.medair.org), Heks (www.heks.ch), Solidar (www.solidar.ch) und Rotes Kreuz (www.redcross.ch) , Mission21 (www.mission-21.org), sowie die Gl\u00fcckskette (www.glueckskette.ch) und die Humanit\u00e4re Hilfe der DEZA (www.admin.ch\/deza) . &nbsp; Weitere Partner sind Organisationen und Personen, die jeweils [&hellip;]<\/p>\n","protected":false},"author":3,"featured_media":0,"parent":0,"menu_order":0,"comment_status":"closed","ping_status":"closed","template":"","meta":{"footnotes":""},"class_list":["post-500","page","type-page","status-publish","hentry"],"_links":{"self":[{"href":"https:\/\/ebaix.ch\/de\/wp-json\/wp\/v2\/pages\/500","targetHints":{"allow":["GET"]}}],"collection":[{"href":"https:\/\/ebaix.ch\/de\/wp-json\/wp\/v2\/pages"}],"about":[{"href":"https:\/\/ebaix.ch\/de\/wp-json\/wp\/v2\/types\/page"}],"author":[{"embeddable":true,"href":"https:\/\/ebaix.ch\/de\/wp-json\/wp\/v2\/users\/3"}],"replies":[{"embeddable":true,"href":"https:\/\/ebaix.ch\/de\/wp-json\/wp\/v2\/comments?post=500"}],"version-history":[{"count":15,"href":"https:\/\/ebaix.ch\/de\/wp-json\/wp\/v2\/pages\/500\/revisions"}],"predecessor-version":[{"id":1640,"href":"https:\/\/ebaix.ch\/de\/wp-json\/wp\/v2\/pages\/500\/revisions\/1640"}],"wp:attachment":[{"href":"https:\/\/ebaix.ch\/de\/wp-json\/wp\/v2\/media?parent=500"}],"curies":[{"name":"wp","href":"https:\/\/api.w.org\/{rel}","templated":true}]}}