{"id":498,"date":"2015-02-20T15:13:52","date_gmt":"2015-02-20T14:13:52","guid":{"rendered":"http:\/\/ebaix.ch\/?page_id=498"},"modified":"2015-03-02T00:41:16","modified_gmt":"2015-03-01T23:41:16","slug":"thematische-schwerpunkte","status":"publish","type":"page","link":"https:\/\/ebaix.ch\/de\/thematische-schwerpunkte\/","title":{"rendered":"Thematische Schwerpunkte"},"content":{"rendered":"<p>Folgende Lernthemen\u00a0wurden in den bisherigen Evaluationen und Workshops schwerpunktm\u00e4ssig behandelt:<\/p>\n<ul>\n<li>Fragen und Vorgehensweisen rund um die Zielgruppen, zur Beg\u00fcnstigtenauswahl und zur Konzeption der Projekte betreffend einer\u00a0Beteiligung der Beg\u00fcnstigtenfamilien.<\/li>\n<\/ul>\n<h4><img loading=\"lazy\" decoding=\"async\" class=\" wp-image-754 alignnone\" src=\"https:\/\/ebaix.ch\/wp-content\/uploads\/2015\/02\/IMG_0928-e1424650660388-225x300.jpg\" alt=\"IMG_0928\" width=\"236\" height=\"315\" srcset=\"https:\/\/ebaix.ch\/wp-content\/uploads\/2015\/02\/IMG_0928-e1424650660388-225x300.jpg 225w, https:\/\/ebaix.ch\/wp-content\/uploads\/2015\/02\/IMG_0928-e1424650660388-768x1024.jpg 768w, https:\/\/ebaix.ch\/wp-content\/uploads\/2015\/02\/IMG_0928-e1424650660388-750x1000.jpg 750w\" sizes=\"auto, (max-width: 236px) 100vw, 236px\" \/><img loading=\"lazy\" decoding=\"async\" class=\"alignnone wp-image-917\" src=\"https:\/\/ebaix.ch\/wp-content\/uploads\/2015\/02\/IMG_6381-300x225.jpg\" alt=\"IMG_6381\" width=\"422\" height=\"316\" srcset=\"https:\/\/ebaix.ch\/wp-content\/uploads\/2015\/02\/IMG_6381-300x225.jpg 300w, https:\/\/ebaix.ch\/wp-content\/uploads\/2015\/02\/IMG_6381-1024x768.jpg 1024w, https:\/\/ebaix.ch\/wp-content\/uploads\/2015\/02\/IMG_6381-750x563.jpg 750w\" sizes=\"auto, (max-width: 422px) 100vw, 422px\" \/><\/h4>\n<p>&nbsp;<\/p>\n<ul>\n<li>Fragen zur langfristigen Nutzung, zur Qualit\u00e4t und zum Unterhalt der Geb\u00e4ude<br \/>\nin\u00a0T-Shelter und H\u00e4userprogrammen.<\/li>\n<\/ul>\n<p><img loading=\"lazy\" decoding=\"async\" class=\"alignnone wp-image-779 size-medium\" src=\"https:\/\/ebaix.ch\/wp-content\/uploads\/2015\/02\/IMG_2689-e1424863793235-254x300.jpg\" alt=\"IMG_2689\" width=\"254\" height=\"300\" srcset=\"https:\/\/ebaix.ch\/wp-content\/uploads\/2015\/02\/IMG_2689-e1424863793235-254x300.jpg 254w, https:\/\/ebaix.ch\/wp-content\/uploads\/2015\/02\/IMG_2689-e1424863793235-867x1024.jpg 867w, https:\/\/ebaix.ch\/wp-content\/uploads\/2015\/02\/IMG_2689-e1424863793235-750x885.jpg 750w, https:\/\/ebaix.ch\/wp-content\/uploads\/2015\/02\/IMG_2689-e1424863793235.jpg 1833w\" sizes=\"auto, (max-width: 254px) 100vw, 254px\" \/><img loading=\"lazy\" decoding=\"async\" class=\" wp-image-849 alignnone\" src=\"https:\/\/ebaix.ch\/wp-content\/uploads\/2015\/02\/bosnien_ebaix-fotos-027-300x225.jpg\" alt=\"bosnien_ebaix-fotos 027\" width=\"399\" height=\"299\" srcset=\"https:\/\/ebaix.ch\/wp-content\/uploads\/2015\/02\/bosnien_ebaix-fotos-027-300x225.jpg 300w, https:\/\/ebaix.ch\/wp-content\/uploads\/2015\/02\/bosnien_ebaix-fotos-027-1024x768.jpg 1024w, https:\/\/ebaix.ch\/wp-content\/uploads\/2015\/02\/bosnien_ebaix-fotos-027-750x563.jpg 750w\" sizes=\"auto, (max-width: 399px) 100vw, 399px\" \/><\/p>\n<p>&nbsp;<\/p>\n<ul>\n<li>Fragen zum Projektmonitoring und zur Berichterstattung, zum Umgang mit Projekt\u00e4nderungen und zur Zusammenarbeit zwischen den Projektl\u00e4ndern und dem Hauptsitz.<\/li>\n<\/ul>\n<h4><img loading=\"lazy\" decoding=\"async\" class=\"alignnone wp-image-986\" src=\"https:\/\/ebaix.ch\/wp-content\/uploads\/2015\/02\/Bildschirmfoto-2015-02-25-um-14.15.40-300x168.png\" alt=\"Bildschirmfoto 2015-02-25 um 14.15.40\" width=\"479\" height=\"268\" srcset=\"https:\/\/ebaix.ch\/wp-content\/uploads\/2015\/02\/Bildschirmfoto-2015-02-25-um-14.15.40-300x168.png 300w, https:\/\/ebaix.ch\/wp-content\/uploads\/2015\/02\/Bildschirmfoto-2015-02-25-um-14.15.40-1024x574.png 1024w, https:\/\/ebaix.ch\/wp-content\/uploads\/2015\/02\/Bildschirmfoto-2015-02-25-um-14.15.40-750x421.png 750w, https:\/\/ebaix.ch\/wp-content\/uploads\/2015\/02\/Bildschirmfoto-2015-02-25-um-14.15.40.png 1319w\" sizes=\"auto, (max-width: 479px) 100vw, 479px\" \/><img loading=\"lazy\" decoding=\"async\" class=\"alignnone wp-image-785\" src=\"https:\/\/ebaix.ch\/wp-content\/uploads\/2015\/02\/IMG_2692-e1424694171514-224x300.jpg\" alt=\"IMG_2692\" width=\"201\" height=\"269\" srcset=\"https:\/\/ebaix.ch\/wp-content\/uploads\/2015\/02\/IMG_2692-e1424694171514-224x300.jpg 224w, https:\/\/ebaix.ch\/wp-content\/uploads\/2015\/02\/IMG_2692-e1424694171514-765x1024.jpg 765w, https:\/\/ebaix.ch\/wp-content\/uploads\/2015\/02\/IMG_2692-e1424694171514-750x1004.jpg 750w, https:\/\/ebaix.ch\/wp-content\/uploads\/2015\/02\/IMG_2692-e1424694171514.jpg 1936w\" sizes=\"auto, (max-width: 201px) 100vw, 201px\" \/><\/h4>\n<p>&nbsp;<\/p>\n<ul>\n<li>Fragen rund um die Wiederaufbauhilfe und deren Verbindung zu langfristigen Projekten in der Entwicklungszusammenarbeit, betreffend der Konzeption der Projekte und dem Zusammenspiel der Abteilungen und Fachgruppen.<\/li>\n<\/ul>\n<p><img loading=\"lazy\" decoding=\"async\" class=\" wp-image-559 alignnone\" src=\"https:\/\/ebaix.ch\/wp-content\/uploads\/2015\/02\/bosnien_ebaix-fotos-252-225x300.jpg\" alt=\"bosnien_ebaix-fotos 252\" width=\"200\" height=\"267\" srcset=\"https:\/\/ebaix.ch\/wp-content\/uploads\/2015\/02\/bosnien_ebaix-fotos-252-225x300.jpg 225w, https:\/\/ebaix.ch\/wp-content\/uploads\/2015\/02\/bosnien_ebaix-fotos-252-768x1024.jpg 768w, https:\/\/ebaix.ch\/wp-content\/uploads\/2015\/02\/bosnien_ebaix-fotos-252-750x1000.jpg 750w\" sizes=\"auto, (max-width: 200px) 100vw, 200px\" \/><img loading=\"lazy\" decoding=\"async\" class=\"  wp-image-1042 alignnone\" src=\"https:\/\/ebaix.ch\/wp-content\/uploads\/2015\/02\/Bildschirmfoto-2015-02-26-um-13.40.09-300x169.png\" alt=\"Bildschirmfoto 2015-02-26 um 13.40.09\" width=\"472\" height=\"266\" srcset=\"https:\/\/ebaix.ch\/wp-content\/uploads\/2015\/02\/Bildschirmfoto-2015-02-26-um-13.40.09-300x169.png 300w, https:\/\/ebaix.ch\/wp-content\/uploads\/2015\/02\/Bildschirmfoto-2015-02-26-um-13.40.09-1024x576.png 1024w, https:\/\/ebaix.ch\/wp-content\/uploads\/2015\/02\/Bildschirmfoto-2015-02-26-um-13.40.09-750x422.png 750w, https:\/\/ebaix.ch\/wp-content\/uploads\/2015\/02\/Bildschirmfoto-2015-02-26-um-13.40.09.png 1317w\" sizes=\"auto, (max-width: 472px) 100vw, 472px\" \/><\/p>\n<p>&nbsp;<\/p>\n","protected":false},"excerpt":{"rendered":"<p>Folgende Lernthemen\u00a0wurden in den bisherigen Evaluationen und Workshops schwerpunktm\u00e4ssig behandelt: Fragen und Vorgehensweisen rund um die Zielgruppen, zur Beg\u00fcnstigtenauswahl und zur Konzeption der Projekte betreffend einer\u00a0Beteiligung der Beg\u00fcnstigtenfamilien. &nbsp; Fragen zur langfristigen Nutzung, zur Qualit\u00e4t und zum Unterhalt der Geb\u00e4ude in\u00a0T-Shelter und H\u00e4userprogrammen. &nbsp; Fragen zum Projektmonitoring und zur Berichterstattung, zum Umgang mit Projekt\u00e4nderungen und [&hellip;]<\/p>\n","protected":false},"author":3,"featured_media":0,"parent":0,"menu_order":0,"comment_status":"closed","ping_status":"closed","template":"","meta":{"footnotes":""},"class_list":["post-498","page","type-page","status-publish","hentry"],"_links":{"self":[{"href":"https:\/\/ebaix.ch\/de\/wp-json\/wp\/v2\/pages\/498","targetHints":{"allow":["GET"]}}],"collection":[{"href":"https:\/\/ebaix.ch\/de\/wp-json\/wp\/v2\/pages"}],"about":[{"href":"https:\/\/ebaix.ch\/de\/wp-json\/wp\/v2\/types\/page"}],"author":[{"embeddable":true,"href":"https:\/\/ebaix.ch\/de\/wp-json\/wp\/v2\/users\/3"}],"replies":[{"embeddable":true,"href":"https:\/\/ebaix.ch\/de\/wp-json\/wp\/v2\/comments?post=498"}],"version-history":[{"count":20,"href":"https:\/\/ebaix.ch\/de\/wp-json\/wp\/v2\/pages\/498\/revisions"}],"predecessor-version":[{"id":1415,"href":"https:\/\/ebaix.ch\/de\/wp-json\/wp\/v2\/pages\/498\/revisions\/1415"}],"wp:attachment":[{"href":"https:\/\/ebaix.ch\/de\/wp-json\/wp\/v2\/media?parent=498"}],"curies":[{"name":"wp","href":"https:\/\/api.w.org\/{rel}","templated":true}]}}