{"id":473,"date":"2015-02-16T16:31:25","date_gmt":"2015-02-16T15:31:25","guid":{"rendered":"http:\/\/ebaix.ch\/?page_id=473"},"modified":"2016-03-30T14:03:11","modified_gmt":"2016-03-30T12:03:11","slug":"lernen-aus-der-langzeitperspektive","status":"publish","type":"page","link":"https:\/\/ebaix.ch\/de\/hauptseite\/lernen-aus-der-langzeitperspektive\/","title":{"rendered":"Lernen aus einer Langzeitperspektive"},"content":{"rendered":"<p>Langzeitevaluationen eignen sich besonders f\u00fcr ein gemeinsames Lernen.\u00a0Die Langzeitperspektive bietet den grossen Vorteil, dass durch die zeitliche Distanz sich die Abteilungen und Organisationen nicht in einer unmittelbaren Konkurrenzsituation befinden. Damalige Erfolgsgeschichten, Fehler und Dilemmata k\u00f6nnen deshalb in einer Offenheit recherchiert werden, wie dies in aktuellen Programmen nicht immer m\u00f6glich ist.<\/p>\n<p><a href=\"https:\/\/ebaix.ch\/wp-content\/uploads\/2015\/03\/bosnien_ebaix-fotos-1721.jpg\"><img loading=\"lazy\" decoding=\"async\" class=\"alignnone  wp-image-1352\" src=\"https:\/\/ebaix.ch\/wp-content\/uploads\/2015\/03\/bosnien_ebaix-fotos-1721-e1425233281431-300x219.jpg\" alt=\"bosnien_ebaix-fotos 172\" width=\"329\" height=\"240\" srcset=\"https:\/\/ebaix.ch\/wp-content\/uploads\/2015\/03\/bosnien_ebaix-fotos-1721-e1425233281431-300x219.jpg 300w, https:\/\/ebaix.ch\/wp-content\/uploads\/2015\/03\/bosnien_ebaix-fotos-1721-e1425233281431-1024x747.jpg 1024w, https:\/\/ebaix.ch\/wp-content\/uploads\/2015\/03\/bosnien_ebaix-fotos-1721-e1425233281431-750x547.jpg 750w\" sizes=\"auto, (max-width: 329px) 100vw, 329px\" \/><\/a><a href=\"https:\/\/ebaix.ch\/wp-content\/uploads\/2015\/03\/bosnien_ebaix-fotos-127.jpg\"><img loading=\"lazy\" decoding=\"async\" class=\"alignnone  wp-image-1278\" src=\"https:\/\/ebaix.ch\/wp-content\/uploads\/2015\/03\/bosnien_ebaix-fotos-127-300x225.jpg\" alt=\"bosnien_ebaix-fotos 127\" width=\"321\" height=\"241\" srcset=\"https:\/\/ebaix.ch\/wp-content\/uploads\/2015\/03\/bosnien_ebaix-fotos-127-300x225.jpg 300w, https:\/\/ebaix.ch\/wp-content\/uploads\/2015\/03\/bosnien_ebaix-fotos-127-1024x768.jpg 1024w, https:\/\/ebaix.ch\/wp-content\/uploads\/2015\/03\/bosnien_ebaix-fotos-127-750x563.jpg 750w\" sizes=\"auto, (max-width: 321px) 100vw, 321px\" \/><\/a><\/p>\n<p>Auch f\u00fcr die Befragungen vor Ort bietet die Langzeitperspektive viele weitere Vorteile:<\/p>\n<ul>\n<li>Die von der Katastrophe Betroffenen sch\u00e4tzen es sehr, dass auch Jahre sp\u00e4ter nochmals jemand Interesse zeigt an der damaligen Hilfe. Sie sind abgesehen von wenigen Ausnahmen gerne bereit, \u00fcber diese Auskunft zu geben und dar\u00fcber zu reflektieren.<\/li>\n<li>Der direkte Fokus der Interviews auf die damaligen Zielgruppen ist m\u00f6glich und hat sich sehr bew\u00e4hrt: die Betroffenen erinnern sich noch im Detail auch an viele Jahre zur\u00fcckliegende Prozesse und Ereignisse und geben viele relevante Rat- und Verbesserungsvorschl\u00e4ge.<\/li>\n<li>Der direkte Fokus auf die Zielgruppen ist durch den zeitlichen Abstand zu den Projekten erst in dieser Art und Weise m\u00f6glich. Die Interviewten sind sich bewusst, dass sie vom Evaluationsteam keine neue Hilfe erwarten k\u00f6nnen oder diese aufgrund einer Kritik wieder verlieren. Sie reden offen und beurteilen die damalige Hilfe ohne Angst und ohne Absichten f\u00fcr eine neuerliche Unterst\u00fctzung.<\/li>\n<li>Die Langzeitperspektive macht es m\u00f6glich, dass damals involvierte Projektmitarbeitende und Partnerorganisationen selbst kritische Punkte ihrer eigenen Projekte aus der zeitlichen Distanz neu anschauen und beurteilen k\u00f6nnen, ohne in eine Verteidigungshaltung zu geraten.<\/li>\n<\/ul>\n<p><img loading=\"lazy\" decoding=\"async\" class=\"alignnone wp-image-1172\" src=\"https:\/\/ebaix.ch\/wp-content\/uploads\/2015\/02\/2002-300x225.jpg\" alt=\"2002\" width=\"341\" height=\"256\" srcset=\"https:\/\/ebaix.ch\/wp-content\/uploads\/2015\/02\/2002-300x225.jpg 300w, https:\/\/ebaix.ch\/wp-content\/uploads\/2015\/02\/2002.jpg 750w\" sizes=\"auto, (max-width: 341px) 100vw, 341px\" \/><img loading=\"lazy\" decoding=\"async\" class=\"alignnone wp-image-1174\" src=\"https:\/\/ebaix.ch\/wp-content\/uploads\/2015\/02\/2013-300x225.jpg\" alt=\"2013\" width=\"341\" height=\"256\" srcset=\"https:\/\/ebaix.ch\/wp-content\/uploads\/2015\/02\/2013-300x225.jpg 300w, https:\/\/ebaix.ch\/wp-content\/uploads\/2015\/02\/2013.jpg 750w\" sizes=\"auto, (max-width: 341px) 100vw, 341px\" \/><\/p>\n<h6><\/h6>\n","protected":false},"excerpt":{"rendered":"<p>Langzeitevaluationen eignen sich besonders f\u00fcr ein gemeinsames Lernen.\u00a0Die Langzeitperspektive bietet den grossen Vorteil, dass durch die zeitliche Distanz sich die Abteilungen und Organisationen nicht in einer unmittelbaren Konkurrenzsituation befinden. Damalige Erfolgsgeschichten, Fehler und Dilemmata k\u00f6nnen deshalb in einer Offenheit recherchiert werden, wie dies in aktuellen Programmen nicht immer m\u00f6glich ist. Auch f\u00fcr die Befragungen vor [&hellip;]<\/p>\n","protected":false},"author":3,"featured_media":0,"parent":8,"menu_order":0,"comment_status":"closed","ping_status":"closed","template":"","meta":{"footnotes":""},"class_list":["post-473","page","type-page","status-publish","hentry"],"_links":{"self":[{"href":"https:\/\/ebaix.ch\/de\/wp-json\/wp\/v2\/pages\/473","targetHints":{"allow":["GET"]}}],"collection":[{"href":"https:\/\/ebaix.ch\/de\/wp-json\/wp\/v2\/pages"}],"about":[{"href":"https:\/\/ebaix.ch\/de\/wp-json\/wp\/v2\/types\/page"}],"author":[{"embeddable":true,"href":"https:\/\/ebaix.ch\/de\/wp-json\/wp\/v2\/users\/3"}],"replies":[{"embeddable":true,"href":"https:\/\/ebaix.ch\/de\/wp-json\/wp\/v2\/comments?post=473"}],"version-history":[{"count":19,"href":"https:\/\/ebaix.ch\/de\/wp-json\/wp\/v2\/pages\/473\/revisions"}],"predecessor-version":[{"id":1714,"href":"https:\/\/ebaix.ch\/de\/wp-json\/wp\/v2\/pages\/473\/revisions\/1714"}],"up":[{"embeddable":true,"href":"https:\/\/ebaix.ch\/de\/wp-json\/wp\/v2\/pages\/8"}],"wp:attachment":[{"href":"https:\/\/ebaix.ch\/de\/wp-json\/wp\/v2\/media?parent=473"}],"curies":[{"name":"wp","href":"https:\/\/api.w.org\/{rel}","templated":true}]}}