{"id":320,"date":"2015-02-11T10:08:58","date_gmt":"2015-02-11T09:08:58","guid":{"rendered":"http:\/\/ebaix.ch\/?page_id=320"},"modified":"2015-11-19T21:44:28","modified_gmt":"2015-11-19T20:44:28","slug":"bisherige-projekte","status":"publish","type":"page","link":"https:\/\/ebaix.ch\/de\/bisherige-projekte\/","title":{"rendered":"Bisherige Projekte"},"content":{"rendered":"<p>Im Zusammenhang mit dem organisations\u00fcbergreifenden Lernprozess mit Schweizer Organisationen <a title=\"Partner von ebaix\" href=\"https:\/\/ebaix.ch\/de\/partner-von-ebaix\/\">(Partner von ebaix)<\/a>\u00a0haben seit 2013 bisher total sieben Workshops stattgefunden, im Vorfeld und in der Auswertung von folgenden L\u00e4nderfallstudien:<\/p>\n<ul>\n<li>Juni und September 2013: <strong>L\u00e4nderfallstudien Bosnien und Kosovo<\/strong>, Langzeitevaluation von Wiederaufbauprogrammen, die zwischen 1995 und 2006 durchgef\u00fchrt wurden, mandatiert von verschiedenen Schweizer NRO\u2019s und der Schweizer Gl\u00fcckskette.<\/li>\n<\/ul>\n<p><img loading=\"lazy\" decoding=\"async\" class=\"alignnone wp-image-555\" src=\"https:\/\/ebaix.ch\/wp-content\/uploads\/2015\/02\/bosnien_ebaix-fotos-220-300x225.jpg\" alt=\"bosnien_ebaix-fotos 220\" width=\"326\" height=\"245\" srcset=\"https:\/\/ebaix.ch\/wp-content\/uploads\/2015\/02\/bosnien_ebaix-fotos-220-300x225.jpg 300w, https:\/\/ebaix.ch\/wp-content\/uploads\/2015\/02\/bosnien_ebaix-fotos-220-1024x768.jpg 1024w, https:\/\/ebaix.ch\/wp-content\/uploads\/2015\/02\/bosnien_ebaix-fotos-220-750x563.jpg 750w\" sizes=\"auto, (max-width: 326px) 100vw, 326px\" \/><img loading=\"lazy\" decoding=\"async\" class=\"alignnone wp-image-567\" src=\"https:\/\/ebaix.ch\/wp-content\/uploads\/2015\/02\/IMG_6314-300x225.jpg\" alt=\"IMG_6314\" width=\"327\" height=\"245\" srcset=\"https:\/\/ebaix.ch\/wp-content\/uploads\/2015\/02\/IMG_6314-300x225.jpg 300w, https:\/\/ebaix.ch\/wp-content\/uploads\/2015\/02\/IMG_6314-1024x768.jpg 1024w, https:\/\/ebaix.ch\/wp-content\/uploads\/2015\/02\/IMG_6314-750x563.jpg 750w\" sizes=\"auto, (max-width: 327px) 100vw, 327px\" \/><\/p>\n<p>&nbsp;<\/p>\n<ul>\n<li>Februar 2014: <strong>L\u00e4nderfallstudie Indonesien (Jogjakarta und Padang)<\/strong>, Langzeitevaluation von T-shelter und Kernh\u00e4userprogrammen, die zwischen 2006 und 2010 durchgef\u00fchrt wurden, mandatiert von verschiedenen Schweizer NRO\u2019s und der Schweizer Gl\u00fcckskette.<\/li>\n<\/ul>\n<p><img loading=\"lazy\" decoding=\"async\" class=\"alignnone wp-image-579\" src=\"https:\/\/ebaix.ch\/wp-content\/uploads\/2015\/02\/IMG_7001-300x225.jpg\" alt=\"IMG_7001\" width=\"326\" height=\"244\" srcset=\"https:\/\/ebaix.ch\/wp-content\/uploads\/2015\/02\/IMG_7001-300x225.jpg 300w, https:\/\/ebaix.ch\/wp-content\/uploads\/2015\/02\/IMG_7001-1024x768.jpg 1024w, https:\/\/ebaix.ch\/wp-content\/uploads\/2015\/02\/IMG_7001-750x563.jpg 750w\" sizes=\"auto, (max-width: 326px) 100vw, 326px\" \/><img loading=\"lazy\" decoding=\"async\" class=\"alignnone wp-image-585\" src=\"https:\/\/ebaix.ch\/wp-content\/uploads\/2015\/02\/IMG_7201-300x225.jpg\" alt=\"\" width=\"328\" height=\"245\" srcset=\"https:\/\/ebaix.ch\/wp-content\/uploads\/2015\/02\/IMG_7201-300x225.jpg 300w, https:\/\/ebaix.ch\/wp-content\/uploads\/2015\/02\/IMG_7201-1024x768.jpg 1024w, https:\/\/ebaix.ch\/wp-content\/uploads\/2015\/02\/IMG_7201-750x563.jpg 750w\" sizes=\"auto, (max-width: 328px) 100vw, 328px\" \/><\/p>\n<p>&nbsp;<\/p>\n<ul>\n<li>Oktober 2014: <strong>L\u00e4nderfallstudien Nicaragua und Honduras<\/strong>, Langzeitevaluation von Wiederaufbauprogrammen und langfristigen Projekten im Landwirtschaftsbereich, die zwischen 1999 und 2006 durchgef\u00fchrt wurden, mandatiert von verschiedenen Schweizer NRO\u2019s, der Schweizer Gl\u00fcckskette und der DEZA.<\/li>\n<\/ul>\n<p><img loading=\"lazy\" decoding=\"async\" class=\"alignnone wp-image-991\" src=\"https:\/\/ebaix.ch\/wp-content\/uploads\/2015\/02\/Bildschirmfoto-2015-02-25-um-14.18.23-300x168.png\" alt=\"Bildschirmfoto 2015-02-25 um 14.18.23\" width=\"379\" height=\"212\" srcset=\"https:\/\/ebaix.ch\/wp-content\/uploads\/2015\/02\/Bildschirmfoto-2015-02-25-um-14.18.23-300x168.png 300w, https:\/\/ebaix.ch\/wp-content\/uploads\/2015\/02\/Bildschirmfoto-2015-02-25-um-14.18.23-1024x574.png 1024w, https:\/\/ebaix.ch\/wp-content\/uploads\/2015\/02\/Bildschirmfoto-2015-02-25-um-14.18.23-750x421.png 750w, https:\/\/ebaix.ch\/wp-content\/uploads\/2015\/02\/Bildschirmfoto-2015-02-25-um-14.18.23.png 1318w\" sizes=\"auto, (max-width: 379px) 100vw, 379px\" \/><img loading=\"lazy\" decoding=\"async\" class=\"alignnone wp-image-702 \" src=\"https:\/\/ebaix.ch\/wp-content\/uploads\/2015\/02\/IMG_1605-300x225.jpg\" alt=\"IMG_1605\" width=\"281\" height=\"211\" srcset=\"https:\/\/ebaix.ch\/wp-content\/uploads\/2015\/02\/IMG_1605-300x225.jpg 300w, https:\/\/ebaix.ch\/wp-content\/uploads\/2015\/02\/IMG_1605-1024x768.jpg 1024w, https:\/\/ebaix.ch\/wp-content\/uploads\/2015\/02\/IMG_1605-750x563.jpg 750w\" sizes=\"auto, (max-width: 281px) 100vw, 281px\" \/><\/p>\n<p>&nbsp;<\/p>\n<ul>\n<li>Mai 2015: <strong>Synthese der bisherigen L\u00e4nderfallstudien<\/strong>, mandatiert von verschiedenen Schweizer NRO\u2019s, der Schweizer Gl\u00fcckskette und der DEZA.<\/li>\n<\/ul>\n<ul>\n<li>Oktober 2015:<strong> L\u00e4nderfallstudie Sri Lanka<\/strong>, Langzeitevaluation von Wiederaufbauprogrammen, die zwischen 2006 und 2014 durchgef\u00fchrt wurden, mandatiert von Caritas Schweiz.<\/li>\n<\/ul>\n<p><a href=\"https:\/\/ebaix.ch\/wp-content\/uploads\/2015\/11\/IMG_1319.jpg\"><img loading=\"lazy\" decoding=\"async\" class=\"alignnone  wp-image-1604\" src=\"https:\/\/ebaix.ch\/wp-content\/uploads\/2015\/11\/IMG_1319-300x225.jpg\" alt=\"IMG_1319\" width=\"331\" height=\"248\" srcset=\"https:\/\/ebaix.ch\/wp-content\/uploads\/2015\/11\/IMG_1319-300x225.jpg 300w, https:\/\/ebaix.ch\/wp-content\/uploads\/2015\/11\/IMG_1319-1024x768.jpg 1024w, https:\/\/ebaix.ch\/wp-content\/uploads\/2015\/11\/IMG_1319-750x563.jpg 750w\" sizes=\"auto, (max-width: 331px) 100vw, 331px\" \/><\/a><a href=\"https:\/\/ebaix.ch\/wp-content\/uploads\/2015\/11\/IMG_1266.jpg\"><img loading=\"lazy\" decoding=\"async\" class=\"alignnone  wp-image-1576\" src=\"https:\/\/ebaix.ch\/wp-content\/uploads\/2015\/11\/IMG_1266-300x225.jpg\" alt=\"IMG_1266\" width=\"329\" height=\"247\" srcset=\"https:\/\/ebaix.ch\/wp-content\/uploads\/2015\/11\/IMG_1266-300x225.jpg 300w, https:\/\/ebaix.ch\/wp-content\/uploads\/2015\/11\/IMG_1266-1024x768.jpg 1024w, https:\/\/ebaix.ch\/wp-content\/uploads\/2015\/11\/IMG_1266-750x563.jpg 750w\" sizes=\"auto, (max-width: 329px) 100vw, 329px\" \/><\/a><\/p>\n<p>&nbsp;<\/p>\n","protected":false},"excerpt":{"rendered":"<p>Im Zusammenhang mit dem organisations\u00fcbergreifenden Lernprozess mit Schweizer Organisationen (Partner von ebaix)\u00a0haben seit 2013 bisher total sieben Workshops stattgefunden, im Vorfeld und in der Auswertung von folgenden L\u00e4nderfallstudien: Juni und September 2013: L\u00e4nderfallstudien Bosnien und Kosovo, Langzeitevaluation von Wiederaufbauprogrammen, die zwischen 1995 und 2006 durchgef\u00fchrt wurden, mandatiert von verschiedenen Schweizer NRO\u2019s und der Schweizer Gl\u00fcckskette. [&hellip;]<\/p>\n","protected":false},"author":3,"featured_media":0,"parent":0,"menu_order":0,"comment_status":"closed","ping_status":"closed","template":"","meta":{"footnotes":""},"class_list":["post-320","page","type-page","status-publish","hentry"],"_links":{"self":[{"href":"https:\/\/ebaix.ch\/de\/wp-json\/wp\/v2\/pages\/320","targetHints":{"allow":["GET"]}}],"collection":[{"href":"https:\/\/ebaix.ch\/de\/wp-json\/wp\/v2\/pages"}],"about":[{"href":"https:\/\/ebaix.ch\/de\/wp-json\/wp\/v2\/types\/page"}],"author":[{"embeddable":true,"href":"https:\/\/ebaix.ch\/de\/wp-json\/wp\/v2\/users\/3"}],"replies":[{"embeddable":true,"href":"https:\/\/ebaix.ch\/de\/wp-json\/wp\/v2\/comments?post=320"}],"version-history":[{"count":13,"href":"https:\/\/ebaix.ch\/de\/wp-json\/wp\/v2\/pages\/320\/revisions"}],"predecessor-version":[{"id":1632,"href":"https:\/\/ebaix.ch\/de\/wp-json\/wp\/v2\/pages\/320\/revisions\/1632"}],"wp:attachment":[{"href":"https:\/\/ebaix.ch\/de\/wp-json\/wp\/v2\/media?parent=320"}],"curies":[{"name":"wp","href":"https:\/\/api.w.org\/{rel}","templated":true}]}}