{"id":315,"date":"2015-02-11T09:56:41","date_gmt":"2015-02-11T08:56:41","guid":{"rendered":"http:\/\/ebaix.ch\/?page_id=315"},"modified":"2022-04-28T20:44:41","modified_gmt":"2022-04-28T18:44:41","slug":"wer-ist-ebaix","status":"publish","type":"page","link":"https:\/\/ebaix.ch\/de\/wer-ist-ebaix\/","title":{"rendered":"Wer ist ebaix?"},"content":{"rendered":"<p>ebaix ist ein gemeinn\u00fctziger Verein mit Sitz in der Schweiz (Luzern) und wird von den beiden Gr\u00fcndungsmitgliedern Bettina Iseli und Peter Zihlmann geleitet.<br \/>\nBeide haben eine langj\u00e4hrige Erfahrung in der Leitung und Umsetzung von Projekten in der Humanit\u00e4ren Hilfe und in der Entwicklungszusammenarbeit.<\/p>\n<p>&nbsp;<\/p>\n<p><a href=\"https:\/\/ebaix.ch\/wp-content\/uploads\/2015\/02\/Bildschirmfoto-2016-03-30-um-12.52.41.png\"><img loading=\"lazy\" decoding=\"async\" class=\"alignnone wp-image-1697\" src=\"https:\/\/ebaix.ch\/wp-content\/uploads\/2015\/02\/Bildschirmfoto-2016-03-30-um-12.52.41-300x188.png\" alt=\"Bildschirmfoto 2016-03-30 um 12.52.41\" width=\"232\" height=\"146\" srcset=\"https:\/\/ebaix.ch\/wp-content\/uploads\/2015\/02\/Bildschirmfoto-2016-03-30-um-12.52.41-300x188.png 300w, https:\/\/ebaix.ch\/wp-content\/uploads\/2015\/02\/Bildschirmfoto-2016-03-30-um-12.52.41-1024x640.png 1024w, https:\/\/ebaix.ch\/wp-content\/uploads\/2015\/02\/Bildschirmfoto-2016-03-30-um-12.52.41-750x469.png 750w, https:\/\/ebaix.ch\/wp-content\/uploads\/2015\/02\/Bildschirmfoto-2016-03-30-um-12.52.41.png 1280w\" sizes=\"auto, (max-width: 232px) 100vw, 232px\" \/><img loading=\"lazy\" decoding=\"async\" class=\"alignnone wp-image-1685\" src=\"https:\/\/ebaix.ch\/wp-content\/uploads\/2015\/02\/Bildschirmfoto-2016-03-30-um-12.46.51-300x188.png\" alt=\"Bildschirmfoto 2016-03-30 um 12.46.51\" width=\"233\" height=\"146\" srcset=\"https:\/\/ebaix.ch\/wp-content\/uploads\/2015\/02\/Bildschirmfoto-2016-03-30-um-12.46.51-300x188.png 300w, https:\/\/ebaix.ch\/wp-content\/uploads\/2015\/02\/Bildschirmfoto-2016-03-30-um-12.46.51-1024x640.png 1024w, https:\/\/ebaix.ch\/wp-content\/uploads\/2015\/02\/Bildschirmfoto-2016-03-30-um-12.46.51-750x469.png 750w, https:\/\/ebaix.ch\/wp-content\/uploads\/2015\/02\/Bildschirmfoto-2016-03-30-um-12.46.51.png 1280w\" sizes=\"auto, (max-width: 233px) 100vw, 233px\" \/><\/a><\/p>\n<p>&nbsp;<\/p>\n<p><a href=\"https:\/\/www.linkedin.com\/in\/bettina-iseli-08a89739\">https:\/\/www.<strong>linkedin<\/strong>.com\/in\/<strong>bettina-iseli<\/strong>-08a89739<\/a><\/p>\n<p><a href=\"https:\/\/de.linkedin.com\/in\/peter-zihlmann-4914b324\">https:\/\/de.<b>linkedin<\/b>.com\/in\/<b>peter<\/b>&#8211;<b>zihlmann<\/b>-4914b324<\/a><\/p>\n<p>&nbsp;<\/p>\n<p><a href=\"https:\/\/ebaix.ch\/wp-content\/uploads\/2015\/02\/CV-Englisch-Peter-Zihlmann-April-2022.pdf\">CV Englisch Peter Zihlmann April 2022<\/a><\/p>\n","protected":false},"excerpt":{"rendered":"<p>ebaix ist ein gemeinn\u00fctziger Verein mit Sitz in der Schweiz (Luzern) und wird von den beiden Gr\u00fcndungsmitgliedern Bettina Iseli und Peter Zihlmann geleitet. Beide haben eine langj\u00e4hrige Erfahrung in der Leitung und Umsetzung von Projekten in der Humanit\u00e4ren Hilfe und in der Entwicklungszusammenarbeit. &nbsp; &nbsp; https:\/\/www.linkedin.com\/in\/bettina-iseli-08a89739 https:\/\/de.linkedin.com\/in\/peter&#8211;zihlmann-4914b324 &nbsp; CV Englisch Peter Zihlmann April 2022<\/p>\n","protected":false},"author":3,"featured_media":0,"parent":0,"menu_order":0,"comment_status":"closed","ping_status":"closed","template":"","meta":{"footnotes":""},"class_list":["post-315","page","type-page","status-publish","hentry"],"_links":{"self":[{"href":"https:\/\/ebaix.ch\/de\/wp-json\/wp\/v2\/pages\/315","targetHints":{"allow":["GET"]}}],"collection":[{"href":"https:\/\/ebaix.ch\/de\/wp-json\/wp\/v2\/pages"}],"about":[{"href":"https:\/\/ebaix.ch\/de\/wp-json\/wp\/v2\/types\/page"}],"author":[{"embeddable":true,"href":"https:\/\/ebaix.ch\/de\/wp-json\/wp\/v2\/users\/3"}],"replies":[{"embeddable":true,"href":"https:\/\/ebaix.ch\/de\/wp-json\/wp\/v2\/comments?post=315"}],"version-history":[{"count":20,"href":"https:\/\/ebaix.ch\/de\/wp-json\/wp\/v2\/pages\/315\/revisions"}],"predecessor-version":[{"id":1854,"href":"https:\/\/ebaix.ch\/de\/wp-json\/wp\/v2\/pages\/315\/revisions\/1854"}],"wp:attachment":[{"href":"https:\/\/ebaix.ch\/de\/wp-json\/wp\/v2\/media?parent=315"}],"curies":[{"name":"wp","href":"https:\/\/api.w.org\/{rel}","templated":true}]}}