{"id":10,"date":"2015-02-10T21:55:54","date_gmt":"2015-02-10T20:55:54","guid":{"rendered":"http:\/\/ebaix.ch\/?page_id=10"},"modified":"2016-07-01T14:47:04","modified_gmt":"2016-07-01T12:47:04","slug":"lernen-im-geschuetzten-raum","status":"publish","type":"page","link":"https:\/\/ebaix.ch\/de\/hauptseite\/lernen-im-geschuetzten-raum\/","title":{"rendered":"Lernen im gesch\u00fctzten Raum"},"content":{"rendered":"<p>Voraussetzung f\u00fcr ein erfolgreiches Lernen ist ein gesch\u00fctzter Raum f\u00fcr alle Teilnehmenden. Dieser macht es m\u00f6glich, dass die einzelnen Abteilungen oder Organisationen \u00fcber deren Grenzen hinausschauen k\u00f6nnen und zulassen, dass in ihren eigenen Bereich geschaut wird. Die gegenseitige Offenheit und das Eingestehen von eigenen Fehlern und &#8222;Best Practices&#8220; erm\u00f6glicht eine fruchtvolle Lernatmosph\u00e4re.<\/p>\n<p><img loading=\"lazy\" decoding=\"async\" class=\"alignnone wp-image-883\" src=\"https:\/\/ebaix.ch\/wp-content\/uploads\/2015\/02\/IMG_0573-300x225.jpg\" alt=\"IMG_0573\" width=\"289\" height=\"217\" srcset=\"https:\/\/ebaix.ch\/wp-content\/uploads\/2015\/02\/IMG_0573-300x225.jpg 300w, https:\/\/ebaix.ch\/wp-content\/uploads\/2015\/02\/IMG_0573-1024x768.jpg 1024w, https:\/\/ebaix.ch\/wp-content\/uploads\/2015\/02\/IMG_0573-750x563.jpg 750w\" sizes=\"auto, (max-width: 289px) 100vw, 289px\" \/><img loading=\"lazy\" decoding=\"async\" class=\"alignnone wp-image-990\" src=\"https:\/\/ebaix.ch\/wp-content\/uploads\/2015\/02\/Bildschirmfoto-2015-02-25-um-14.18.00-300x168.png\" alt=\"Bildschirmfoto 2015-02-25 um 14.18.00\" width=\"389\" height=\"218\" srcset=\"https:\/\/ebaix.ch\/wp-content\/uploads\/2015\/02\/Bildschirmfoto-2015-02-25-um-14.18.00-300x168.png 300w, https:\/\/ebaix.ch\/wp-content\/uploads\/2015\/02\/Bildschirmfoto-2015-02-25-um-14.18.00-1024x573.png 1024w, https:\/\/ebaix.ch\/wp-content\/uploads\/2015\/02\/Bildschirmfoto-2015-02-25-um-14.18.00-750x420.png 750w, https:\/\/ebaix.ch\/wp-content\/uploads\/2015\/02\/Bildschirmfoto-2015-02-25-um-14.18.00.png 1319w\" sizes=\"auto, (max-width: 389px) 100vw, 389px\" \/><\/p>\n<p>&nbsp;<\/p>\n<p>Lernergebnisse sind daher prinzipiell f\u00fcr die Teilnehmenden bestimmt und es bedarf der Zustimmung aller, wenn Resultate zu einem sp\u00e4teren Zeitpunkt extern verbreitet werden.<\/p>\n<div class=\"page\" title=\"Page 14\">\u00a0<img loading=\"lazy\" decoding=\"async\" class=\"alignnone wp-image-972\" src=\"https:\/\/ebaix.ch\/wp-content\/uploads\/2015\/02\/Bildschirmfoto-2015-02-25-um-13.56.31-300x169.png\" alt=\"Bildschirmfoto 2015-02-25 um 13.56.31\" width=\"380\" height=\"214\" srcset=\"https:\/\/ebaix.ch\/wp-content\/uploads\/2015\/02\/Bildschirmfoto-2015-02-25-um-13.56.31-300x169.png 300w, https:\/\/ebaix.ch\/wp-content\/uploads\/2015\/02\/Bildschirmfoto-2015-02-25-um-13.56.31-1024x577.png 1024w, https:\/\/ebaix.ch\/wp-content\/uploads\/2015\/02\/Bildschirmfoto-2015-02-25-um-13.56.31-750x422.png 750w, https:\/\/ebaix.ch\/wp-content\/uploads\/2015\/02\/Bildschirmfoto-2015-02-25-um-13.56.31.png 1316w\" sizes=\"auto, (max-width: 380px) 100vw, 380px\" \/><img loading=\"lazy\" decoding=\"async\" class=\"alignnone wp-image-789\" src=\"https:\/\/ebaix.ch\/wp-content\/uploads\/2015\/02\/IMG_1841-300x224.jpg\" alt=\"IMG_1841\" width=\"287\" height=\"214\" srcset=\"https:\/\/ebaix.ch\/wp-content\/uploads\/2015\/02\/IMG_1841-300x224.jpg 300w, https:\/\/ebaix.ch\/wp-content\/uploads\/2015\/02\/IMG_1841-1024x765.jpg 1024w, https:\/\/ebaix.ch\/wp-content\/uploads\/2015\/02\/IMG_1841-750x560.jpg 750w\" sizes=\"auto, (max-width: 287px) 100vw, 287px\" \/><\/div>\n","protected":false},"excerpt":{"rendered":"<p>Voraussetzung f\u00fcr ein erfolgreiches Lernen ist ein gesch\u00fctzter Raum f\u00fcr alle Teilnehmenden. Dieser macht es m\u00f6glich, dass die einzelnen Abteilungen oder Organisationen \u00fcber deren Grenzen hinausschauen k\u00f6nnen und zulassen, dass in ihren eigenen Bereich geschaut wird. Die gegenseitige Offenheit und das Eingestehen von eigenen Fehlern und &#8222;Best Practices&#8220; erm\u00f6glicht eine fruchtvolle Lernatmosph\u00e4re. &nbsp; Lernergebnisse sind [&hellip;]<\/p>\n","protected":false},"author":3,"featured_media":0,"parent":8,"menu_order":0,"comment_status":"closed","ping_status":"closed","template":"","meta":{"footnotes":""},"class_list":["post-10","page","type-page","status-publish","hentry"],"_links":{"self":[{"href":"https:\/\/ebaix.ch\/de\/wp-json\/wp\/v2\/pages\/10","targetHints":{"allow":["GET"]}}],"collection":[{"href":"https:\/\/ebaix.ch\/de\/wp-json\/wp\/v2\/pages"}],"about":[{"href":"https:\/\/ebaix.ch\/de\/wp-json\/wp\/v2\/types\/page"}],"author":[{"embeddable":true,"href":"https:\/\/ebaix.ch\/de\/wp-json\/wp\/v2\/users\/3"}],"replies":[{"embeddable":true,"href":"https:\/\/ebaix.ch\/de\/wp-json\/wp\/v2\/comments?post=10"}],"version-history":[{"count":10,"href":"https:\/\/ebaix.ch\/de\/wp-json\/wp\/v2\/pages\/10\/revisions"}],"predecessor-version":[{"id":1735,"href":"https:\/\/ebaix.ch\/de\/wp-json\/wp\/v2\/pages\/10\/revisions\/1735"}],"up":[{"embeddable":true,"href":"https:\/\/ebaix.ch\/de\/wp-json\/wp\/v2\/pages\/8"}],"wp:attachment":[{"href":"https:\/\/ebaix.ch\/de\/wp-json\/wp\/v2\/media?parent=10"}],"curies":[{"name":"wp","href":"https:\/\/api.w.org\/{rel}","templated":true}]}}